{"id":1597,"date":"2023-04-11T14:51:59","date_gmt":"2023-04-11T12:51:59","guid":{"rendered":"https:\/\/turbosqu3d.com\/?page_id=1597"},"modified":"2025-09-10T16:50:28","modified_gmt":"2025-09-10T14:50:28","slug":"livraison","status":"publish","type":"page","link":"https:\/\/www.turboskymount.com\/en\/livraison\/","title":{"rendered":"Delivery"},"content":{"rendered":"<div data-elementor-type=\"wp-page\" data-elementor-id=\"1597\" class=\"elementor elementor-1597\">\n\t\t\t\t\t\t<section class=\"elementor-section elementor-top-section elementor-element elementor-element-728e4a2 elementor-section-boxed elementor-section-height-default elementor-section-height-default\" data-id=\"728e4a2\" data-element_type=\"section\" data-e-type=\"section\" data-settings=\"{&quot;background_background&quot;:&quot;classic&quot;}\">\n\t\t\t\t\t\t\t<div class=\"elementor-background-overlay\"><\/div>\n\t\t\t\t\t\t\t<div class=\"elementor-container elementor-column-gap-no\">\n\t\t\t\t\t<div class=\"elementor-column elementor-col-100 elementor-top-column elementor-element elementor-element-c212870\" data-id=\"c212870\" data-element_type=\"column\" data-e-type=\"column\">\n\t\t\t<div class=\"elementor-widget-wrap elementor-element-populated\">\n\t\t\t\t\t\t<div class=\"elementor-element elementor-element-7a8a6a1 elementor-widget elementor-widget-heading\" data-id=\"7a8a6a1\" data-element_type=\"widget\" data-e-type=\"widget\" data-widget_type=\"heading.default\">\n\t\t\t\t<div class=\"elementor-widget-container\">\n\t\t\t\t\t<h1 class=\"elementor-heading-title elementor-size-default\">Delivery<\/h1>\t\t\t\t<\/div>\n\t\t\t\t<\/div>\n\t\t\t\t\t<\/div>\n\t\t<\/div>\n\t\t\t\t\t<\/div>\n\t\t<\/section>\n\t\t\t\t<section class=\"elementor-section elementor-top-section elementor-element elementor-element-518c6e1 elementor-section-boxed elementor-section-height-default elementor-section-height-default\" data-id=\"518c6e1\" data-element_type=\"section\" data-e-type=\"section\">\n\t\t\t\t\t\t<div class=\"elementor-container elementor-column-gap-default\">\n\t\t\t\t\t<div class=\"elementor-column elementor-col-100 elementor-top-column elementor-element elementor-element-7515584\" data-id=\"7515584\" data-element_type=\"column\" data-e-type=\"column\">\n\t\t\t<div class=\"elementor-widget-wrap elementor-element-populated\">\n\t\t\t\t\t\t<div class=\"elementor-element elementor-element-a358b5c elementor-widget elementor-widget-heading\" data-id=\"a358b5c\" data-element_type=\"widget\" data-e-type=\"widget\" data-widget_type=\"heading.default\">\n\t\t\t\t<div class=\"elementor-widget-container\">\n\t\t\t\t\t<h2 class=\"elementor-heading-title elementor-size-default\">Shipping policy<\/h2>\t\t\t\t<\/div>\n\t\t\t\t<\/div>\n\t\t\t\t<div class=\"elementor-element elementor-element-63fa027 elementor-widget elementor-widget-text-editor\" data-id=\"63fa027\" data-element_type=\"widget\" data-e-type=\"widget\" data-widget_type=\"text-editor.default\">\n\t\t\t\t<div class=\"elementor-widget-container\">\n\t\t\t\t\t\t\t\t\t<p>All orders are processed within 1 to 3 working days (excluding weekends and public holidays) of receipt of your order confirmation e-mail. You will receive a further notification when your order has been dispatched. Orders may take a little longer to dispatch during exceptional periods (e.g. sales, end-of-year festivities, etc.).<\/p><p>An email will be sent to you if the processing time is extended due to a high volume of orders or postal service problems beyond our control. TurboSkyMount cannot be held responsible for postal delays or strikes. When you confirm your order, you are confirming the address given. In the event of an address error, your parcel will be returned to us and the order refunded (the initial delivery costs will not be refunded).<\/p>\t\t\t\t\t\t\t\t<\/div>\n\t\t\t\t<\/div>\n\t\t\t\t<div class=\"elementor-element elementor-element-4d1c262 elementor-widget elementor-widget-heading\" data-id=\"4d1c262\" data-element_type=\"widget\" data-e-type=\"widget\" data-widget_type=\"heading.default\">\n\t\t\t\t<div class=\"elementor-widget-container\">\n\t\t\t\t\t<h2 class=\"elementor-heading-title elementor-size-default\">Domestic Shipping Rates and Estimates<\/h2>\t\t\t\t<\/div>\n\t\t\t\t<\/div>\n\t\t\t\t<div class=\"elementor-element elementor-element-75ed6ed elementor-widget elementor-widget-text-editor\" data-id=\"75ed6ed\" data-element_type=\"widget\" data-e-type=\"widget\" data-widget_type=\"text-editor.default\">\n\t\t\t\t<div class=\"elementor-widget-container\">\n\t\t\t\t\t\t\t\t\t<p>We offer a flat rate of \u20ac6.90 for postage to metropolitan France. Postage includes packaging and shipping.<\/p><p>Delivery is free for orders over \u20ac150.<\/p>\t\t\t\t\t\t\t\t<\/div>\n\t\t\t\t<\/div>\n\t\t\t\t<div class=\"elementor-element elementor-element-2609218 elementor-widget elementor-widget-heading\" data-id=\"2609218\" data-element_type=\"widget\" data-e-type=\"widget\" data-widget_type=\"heading.default\">\n\t\t\t\t<div class=\"elementor-widget-container\">\n\t\t\t\t\t<h2 class=\"elementor-heading-title elementor-size-default\">International shipping (Europe &amp; DOM-TOM)<\/h2>\t\t\t\t<\/div>\n\t\t\t\t<\/div>\n\t\t\t\t<div class=\"elementor-element elementor-element-caf9abb elementor-widget elementor-widget-text-editor\" data-id=\"caf9abb\" data-element_type=\"widget\" data-e-type=\"widget\" data-widget_type=\"text-editor.default\">\n\t\t\t\t<div class=\"elementor-widget-container\">\n\t\t\t\t\t\t\t\t\t<p>We offer international shipping services to Europe and DOM-TOM.<\/p><p>Shipping costs for your order will be calculated and displayed at the time of ordering.<\/p><p>Your order may be subject to import duties and taxes, which are incurred once the shipment reaches your destination country. TurboSkyMount is not responsible for these charges if they are applied and are your responsibility as the customer.<\/p><p>Delivery is free for orders over \u20ac300.<\/p>\t\t\t\t\t\t\t\t<\/div>\n\t\t\t\t<\/div>\n\t\t\t\t<div class=\"elementor-element elementor-element-024104a elementor-widget elementor-widget-heading\" data-id=\"024104a\" data-element_type=\"widget\" data-e-type=\"widget\" data-widget_type=\"heading.default\">\n\t\t\t\t<div class=\"elementor-widget-container\">\n\t\t\t\t\t<h2 class=\"elementor-heading-title elementor-size-default\">How can I check the status of my order?<\/h2>\t\t\t\t<\/div>\n\t\t\t\t<\/div>\n\t\t\t\t<div class=\"elementor-element elementor-element-cc12cfa elementor-widget elementor-widget-text-editor\" data-id=\"cc12cfa\" data-element_type=\"widget\" data-e-type=\"widget\" data-widget_type=\"text-editor.default\">\n\t\t\t\t<div class=\"elementor-widget-container\">\n\t\t\t\t\t\t\t\t\t<p>When your order is dispatched, you will receive an email notification from us which will include a tracking number that you can use to check the status of your order. Please allow 48 hours for the tracking information to be available.<\/p><p>If you have not received your order within 15 days of receiving your shipping confirmation email, please contact us at support@turboskymount.com with your name and order number and we will investigate it for you.<\/p>\t\t\t\t\t\t\t\t<\/div>\n\t\t\t\t<\/div>\n\t\t\t\t<div class=\"elementor-element elementor-element-2ad320d elementor-widget elementor-widget-heading\" data-id=\"2ad320d\" data-element_type=\"widget\" data-e-type=\"widget\" data-widget_type=\"heading.default\">\n\t\t\t\t<div class=\"elementor-widget-container\">\n\t\t\t\t\t<h2 class=\"elementor-heading-title elementor-size-default\">Refunds, returns and exchanges<\/h2>\t\t\t\t<\/div>\n\t\t\t\t<\/div>\n\t\t\t\t<div class=\"elementor-element elementor-element-1dd5def elementor-widget elementor-widget-text-editor\" data-id=\"1dd5def\" data-element_type=\"widget\" data-e-type=\"widget\" data-widget_type=\"text-editor.default\">\n\t\t\t\t<div class=\"elementor-widget-container\">\n\t\t\t\t\t\t\t\t\t<p>We accept returns up to 14 days after delivery, if the item is unused and in its original condition, and we will refund the full amount of the order minus the return shipping costs.<\/p><p>In the event that your order arrives damaged, please email us as soon as possible at support@turboskymount.com with your order number and a photo of the item. We will deal with these issues on a case-by-case basis, but will do our best to find a satisfactory solution.<\/p><p><a href=\"https:\/\/www.turboskymount.com\/en\/remboursements-retours\/\" target=\"_blank\" rel=\"noopener\">More information on the exchanges and returns policy here.<\/a><\/p><p>If you have any further questions, please feel free to contact us at support@turboskymount.com.<\/p>\t\t\t\t\t\t\t\t<\/div>\n\t\t\t\t<\/div>\n\t\t\t\t\t<\/div>\n\t\t<\/div>\n\t\t\t\t\t<\/div>\n\t\t<\/section>\n\t\t\t\t<\/div>","protected":false},"excerpt":{"rendered":"<p>Livraison Politique en mati\u00e8re d\u2019exp\u00e9dition\u200b Toutes les commandes sont trait\u00e9es dans un d\u00e9lai de 1 \u00e0 3 jours ouvr\u00e9s (hors week-ends et jours f\u00e9ri\u00e9s) apr\u00e8s r\u00e9ception de votre e-mail de confirmation de commande. Vous recevrez une nouvelle notification lorsque votre commande aura \u00e9t\u00e9 exp\u00e9di\u00e9e. L&rsquo;exp\u00e9dition de vos commandes peut prendre un peu plus de temps [&hellip;]<\/p>\n","protected":false},"author":1,"featured_media":3876,"parent":0,"menu_order":0,"comment_status":"closed","ping_status":"closed","template":"","meta":{"_monsterinsights_skip_tracking":false,"_monsterinsights_sitenote_active":false,"_monsterinsights_sitenote_note":"","_monsterinsights_sitenote_category":0,"site-sidebar-layout":"no-sidebar","site-content-layout":"page-builder","ast-site-content-layout":"full-width-container","site-content-style":"unboxed","site-sidebar-style":"unboxed","ast-global-header-display":"","ast-banner-title-visibility":"","ast-main-header-display":"","ast-hfb-above-header-display":"","ast-hfb-below-header-display":"","ast-hfb-mobile-header-display":"","site-post-title":"disabled","ast-breadcrumbs-content":"","ast-featured-img":"disabled","footer-sml-layout":"","ast-disable-related-posts":"","theme-transparent-header-meta":"","adv-header-id-meta":"","stick-header-meta":"","header-above-stick-meta":"","header-main-stick-meta":"","header-below-stick-meta":"","astra-migrate-meta-layouts":"set","ast-page-background-enabled":"default","ast-page-background-meta":{"desktop":{"background-color":"","background-image":"","background-repeat":"repeat","background-position":"center center","background-size":"auto","background-attachment":"scroll","background-type":"","background-media":"","overlay-type":"","overlay-color":"","overlay-opacity":"","overlay-gradient":""},"tablet":{"background-color":"","background-image":"","background-repeat":"repeat","background-position":"center center","background-size":"auto","background-attachment":"scroll","background-type":"","background-media":"","overlay-type":"","overlay-color":"","overlay-opacity":"","overlay-gradient":""},"mobile":{"background-color":"","background-image":"","background-repeat":"repeat","background-position":"center center","background-size":"auto","background-attachment":"scroll","background-type":"","background-media":"","overlay-type":"","overlay-color":"","overlay-opacity":"","overlay-gradient":""}},"ast-content-background-meta":{"desktop":{"background-color":"var(--ast-global-color-5)","background-image":"","background-repeat":"repeat","background-position":"center center","background-size":"auto","background-attachment":"scroll","background-type":"","background-media":"","overlay-type":"","overlay-color":"","overlay-opacity":"","overlay-gradient":""},"tablet":{"background-color":"var(--ast-global-color-5)","background-image":"","background-repeat":"repeat","background-position":"center center","background-size":"auto","background-attachment":"scroll","background-type":"","background-media":"","overlay-type":"","overlay-color":"","overlay-opacity":"","overlay-gradient":""},"mobile":{"background-color":"var(--ast-global-color-5)","background-image":"","background-repeat":"repeat","background-position":"center center","background-size":"auto","background-attachment":"scroll","background-type":"","background-media":"","overlay-type":"","overlay-color":"","overlay-opacity":"","overlay-gradient":""}},"footnotes":""},"class_list":["post-1597","page","type-page","status-publish","has-post-thumbnail","hentry"],"yoast_head":"<!-- This site is optimized with the Yoast SEO plugin v27.3 - https:\/\/yoast.com\/product\/yoast-seo-wordpress\/ -->\n<title>Livraison Supports Parachutisme : TurboSkyMount<\/title>\n<meta name=\"description\" content=\"Infos livraison pour supports cam\u00e9ra parachutisme GoPro, Insta360, DJI, FlySight. France : 6,90\u20ac, gratuit d\u00e8s 150\u20ac. Made in France.\" \/>\n<meta name=\"robots\" content=\"index, follow, max-snippet:-1, max-image-preview:large, max-video-preview:-1\" \/>\n<link rel=\"canonical\" href=\"https:\/\/www.turboskymount.com\/en\/livraison\/\" \/>\n<meta property=\"og:locale\" content=\"en_GB\" \/>\n<meta property=\"og:type\" content=\"article\" \/>\n<meta property=\"og:title\" content=\"Livraison TurboSkyMount : Supports Parachutisme\" \/>\n<meta property=\"og:description\" content=\"Livraison rapide pour supports cam\u00e9ra parachutisme GoPro, Insta360, DJI. France : 6,90\u20ac, gratuit d\u00e8s 150\u20ac. www.turboskymount.com\/livraison\" \/>\n<meta property=\"og:url\" content=\"https:\/\/www.turboskymount.com\/en\/livraison\/\" \/>\n<meta property=\"og:site_name\" content=\"TurboSkyMount\" \/>\n<meta property=\"article:publisher\" content=\"https:\/\/www.facebook.com\/turboskymount\" \/>\n<meta property=\"article:modified_time\" content=\"2025-09-10T14:50:28+00:00\" \/>\n<meta property=\"og:image\" content=\"https:\/\/www.turboskymount.com\/wp-content\/uploads\/2025\/03\/casques-cookie-g4-tonfly-tfx-supports-camera-parachutisme.jpg\" \/>\n\t<meta property=\"og:image:width\" content=\"2048\" \/>\n\t<meta property=\"og:image:height\" content=\"921\" \/>\n\t<meta property=\"og:image:type\" content=\"image\/jpeg\" \/>\n<meta name=\"twitter:card\" content=\"summary_large_image\" \/>\n<meta name=\"twitter:title\" content=\"Livraison TurboSkyMount : Supports Parachutisme\" \/>\n<meta name=\"twitter:description\" content=\"Livraison rapide pour supports cam\u00e9ra parachutisme GoPro, Insta360, DJI. France : 6,90\u20ac, gratuit d\u00e8s 150\u20ac. www.turboskymount.com\/livraison\" \/>\n<meta name=\"twitter:image\" content=\"https:\/\/www.turboskymount.com\/wp-content\/uploads\/2025\/03\/casques-cookie-g4-tonfly-tfx-supports-camera-parachutisme.jpg\" \/>\n<meta name=\"twitter:label1\" content=\"Estimated reading time\" \/>\n\t<meta name=\"twitter:data1\" content=\"3 minutes\" \/>\n<script type=\"application\/ld+json\" class=\"yoast-schema-graph\">{\"@context\":\"https:\\\/\\\/schema.org\",\"@graph\":[{\"@type\":\"WebPage\",\"@id\":\"https:\\\/\\\/www.turboskymount.com\\\/livraison\\\/\",\"url\":\"https:\\\/\\\/www.turboskymount.com\\\/livraison\\\/\",\"name\":\"Livraison Supports Parachutisme : TurboSkyMount\",\"isPartOf\":{\"@id\":\"https:\\\/\\\/turboskymount.com\\\/#website\"},\"primaryImageOfPage\":{\"@id\":\"https:\\\/\\\/www.turboskymount.com\\\/livraison\\\/#primaryimage\"},\"image\":{\"@id\":\"https:\\\/\\\/www.turboskymount.com\\\/livraison\\\/#primaryimage\"},\"thumbnailUrl\":\"https:\\\/\\\/www.turboskymount.com\\\/wp-content\\\/uploads\\\/2025\\\/03\\\/casques-cookie-g4-tonfly-tfx-supports-camera-parachutisme.jpg\",\"datePublished\":\"2023-04-11T12:51:59+00:00\",\"dateModified\":\"2025-09-10T14:50:28+00:00\",\"description\":\"Infos livraison pour supports cam\u00e9ra parachutisme GoPro, Insta360, DJI, FlySight. France : 6,90\u20ac, gratuit d\u00e8s 150\u20ac. Made in France.\",\"breadcrumb\":{\"@id\":\"https:\\\/\\\/www.turboskymount.com\\\/livraison\\\/#breadcrumb\"},\"inLanguage\":\"en-GB\",\"potentialAction\":[{\"@type\":\"ReadAction\",\"target\":[\"https:\\\/\\\/www.turboskymount.com\\\/livraison\\\/\"]}]},{\"@type\":\"ImageObject\",\"inLanguage\":\"en-GB\",\"@id\":\"https:\\\/\\\/www.turboskymount.com\\\/livraison\\\/#primaryimage\",\"url\":\"https:\\\/\\\/www.turboskymount.com\\\/wp-content\\\/uploads\\\/2025\\\/03\\\/casques-cookie-g4-tonfly-tfx-supports-camera-parachutisme.jpg\",\"contentUrl\":\"https:\\\/\\\/www.turboskymount.com\\\/wp-content\\\/uploads\\\/2025\\\/03\\\/casques-cookie-g4-tonfly-tfx-supports-camera-parachutisme.jpg\",\"width\":2048,\"height\":921,\"caption\":\"D\u00e9couvrez les supports de cam\u00e9ra TurboSkyMount mont\u00e9s sur des casques Cookie G4 et Tonfly TFX, utilis\u00e9s pour capturer des images de haute qualit\u00e9 en chute libre. Ces supports sont adapt\u00e9s \u00e0 des cam\u00e9ras GoPro et Insta360 X3 pour des prises de vue exceptionnelles. Multi-casque : toutes surfaces sph\u00e9riques et plates.\"},{\"@type\":\"BreadcrumbList\",\"@id\":\"https:\\\/\\\/www.turboskymount.com\\\/livraison\\\/#breadcrumb\",\"itemListElement\":[{\"@type\":\"ListItem\",\"position\":1,\"name\":\"Accueil\",\"item\":\"https:\\\/\\\/www.turboskymount.com\\\/\"},{\"@type\":\"ListItem\",\"position\":2,\"name\":\"Livraison\"}]},{\"@type\":\"WebSite\",\"@id\":\"https:\\\/\\\/turboskymount.com\\\/#website\",\"url\":\"https:\\\/\\\/turboskymount.com\\\/\",\"name\":\"TurboSkyMount\",\"description\":\"3D Printing Solutions\",\"publisher\":{\"@id\":\"https:\\\/\\\/turboskymount.com\\\/#organization\"},\"potentialAction\":[{\"@type\":\"SearchAction\",\"target\":{\"@type\":\"EntryPoint\",\"urlTemplate\":\"https:\\\/\\\/turboskymount.com\\\/?s={search_term_string}\"},\"query-input\":{\"@type\":\"PropertyValueSpecification\",\"valueRequired\":true,\"valueName\":\"search_term_string\"}}],\"inLanguage\":\"en-GB\"},{\"@type\":\"Organization\",\"@id\":\"https:\\\/\\\/turboskymount.com\\\/#organization\",\"name\":\"TurboSkyMount\",\"url\":\"https:\\\/\\\/turboskymount.com\\\/\",\"logo\":{\"@type\":\"ImageObject\",\"inLanguage\":\"en-GB\",\"@id\":\"https:\\\/\\\/turboskymount.com\\\/#\\\/schema\\\/logo\\\/image\\\/\",\"url\":\"https:\\\/\\\/www.turboskymount.com\\\/wp-content\\\/uploads\\\/2025\\\/07\\\/logo-turboskymount-blanc-fond-noir2.png\",\"contentUrl\":\"https:\\\/\\\/www.turboskymount.com\\\/wp-content\\\/uploads\\\/2025\\\/07\\\/logo-turboskymount-blanc-fond-noir2.png\",\"width\":1753,\"height\":338,\"caption\":\"TurboSkyMount\"},\"image\":{\"@id\":\"https:\\\/\\\/turboskymount.com\\\/#\\\/schema\\\/logo\\\/image\\\/\"},\"sameAs\":[\"https:\\\/\\\/www.facebook.com\\\/turboskymount\",\"https:\\\/\\\/www.instagram.com\\\/turboskymount\\\/\"]}]}<\/script>\n<!-- \/ Yoast SEO plugin. -->","yoast_head_json":{"title":"Livraison Supports Parachutisme : TurboSkyMount","description":"Infos livraison pour supports cam\u00e9ra parachutisme GoPro, Insta360, DJI, FlySight. France : 6,90\u20ac, gratuit d\u00e8s 150\u20ac. Made in France.","robots":{"index":"index","follow":"follow","max-snippet":"max-snippet:-1","max-image-preview":"max-image-preview:large","max-video-preview":"max-video-preview:-1"},"canonical":"https:\/\/www.turboskymount.com\/en\/livraison\/","og_locale":"en_GB","og_type":"article","og_title":"Livraison TurboSkyMount : Supports Parachutisme","og_description":"Livraison rapide pour supports cam\u00e9ra parachutisme GoPro, Insta360, DJI. France : 6,90\u20ac, gratuit d\u00e8s 150\u20ac. www.turboskymount.com\/livraison","og_url":"https:\/\/www.turboskymount.com\/en\/livraison\/","og_site_name":"TurboSkyMount","article_publisher":"https:\/\/www.facebook.com\/turboskymount","article_modified_time":"2025-09-10T14:50:28+00:00","og_image":[{"width":2048,"height":921,"url":"https:\/\/www.turboskymount.com\/wp-content\/uploads\/2025\/03\/casques-cookie-g4-tonfly-tfx-supports-camera-parachutisme.jpg","type":"image\/jpeg"}],"twitter_card":"summary_large_image","twitter_title":"Livraison TurboSkyMount : Supports Parachutisme","twitter_description":"Livraison rapide pour supports cam\u00e9ra parachutisme GoPro, Insta360, DJI. France : 6,90\u20ac, gratuit d\u00e8s 150\u20ac. www.turboskymount.com\/livraison","twitter_image":"https:\/\/www.turboskymount.com\/wp-content\/uploads\/2025\/03\/casques-cookie-g4-tonfly-tfx-supports-camera-parachutisme.jpg","twitter_misc":{"Estimated reading time":"3 minutes"},"schema":{"@context":"https:\/\/schema.org","@graph":[{"@type":"WebPage","@id":"https:\/\/www.turboskymount.com\/livraison\/","url":"https:\/\/www.turboskymount.com\/livraison\/","name":"Livraison Supports Parachutisme : TurboSkyMount","isPartOf":{"@id":"https:\/\/turboskymount.com\/#website"},"primaryImageOfPage":{"@id":"https:\/\/www.turboskymount.com\/livraison\/#primaryimage"},"image":{"@id":"https:\/\/www.turboskymount.com\/livraison\/#primaryimage"},"thumbnailUrl":"https:\/\/www.turboskymount.com\/wp-content\/uploads\/2025\/03\/casques-cookie-g4-tonfly-tfx-supports-camera-parachutisme.jpg","datePublished":"2023-04-11T12:51:59+00:00","dateModified":"2025-09-10T14:50:28+00:00","description":"Infos livraison pour supports cam\u00e9ra parachutisme GoPro, Insta360, DJI, FlySight. France : 6,90\u20ac, gratuit d\u00e8s 150\u20ac. Made in France.","breadcrumb":{"@id":"https:\/\/www.turboskymount.com\/livraison\/#breadcrumb"},"inLanguage":"en-GB","potentialAction":[{"@type":"ReadAction","target":["https:\/\/www.turboskymount.com\/livraison\/"]}]},{"@type":"ImageObject","inLanguage":"en-GB","@id":"https:\/\/www.turboskymount.com\/livraison\/#primaryimage","url":"https:\/\/www.turboskymount.com\/wp-content\/uploads\/2025\/03\/casques-cookie-g4-tonfly-tfx-supports-camera-parachutisme.jpg","contentUrl":"https:\/\/www.turboskymount.com\/wp-content\/uploads\/2025\/03\/casques-cookie-g4-tonfly-tfx-supports-camera-parachutisme.jpg","width":2048,"height":921,"caption":"D\u00e9couvrez les supports de cam\u00e9ra TurboSkyMount mont\u00e9s sur des casques Cookie G4 et Tonfly TFX, utilis\u00e9s pour capturer des images de haute qualit\u00e9 en chute libre. Ces supports sont adapt\u00e9s \u00e0 des cam\u00e9ras GoPro et Insta360 X3 pour des prises de vue exceptionnelles. Multi-casque : toutes surfaces sph\u00e9riques et plates."},{"@type":"BreadcrumbList","@id":"https:\/\/www.turboskymount.com\/livraison\/#breadcrumb","itemListElement":[{"@type":"ListItem","position":1,"name":"Accueil","item":"https:\/\/www.turboskymount.com\/"},{"@type":"ListItem","position":2,"name":"Livraison"}]},{"@type":"WebSite","@id":"https:\/\/turboskymount.com\/#website","url":"https:\/\/turboskymount.com\/","name":"TurboSkyMount","description":"3D Printing Solutions","publisher":{"@id":"https:\/\/turboskymount.com\/#organization"},"potentialAction":[{"@type":"SearchAction","target":{"@type":"EntryPoint","urlTemplate":"https:\/\/turboskymount.com\/?s={search_term_string}"},"query-input":{"@type":"PropertyValueSpecification","valueRequired":true,"valueName":"search_term_string"}}],"inLanguage":"en-GB"},{"@type":"Organization","@id":"https:\/\/turboskymount.com\/#organization","name":"TurboSkyMount","url":"https:\/\/turboskymount.com\/","logo":{"@type":"ImageObject","inLanguage":"en-GB","@id":"https:\/\/turboskymount.com\/#\/schema\/logo\/image\/","url":"https:\/\/www.turboskymount.com\/wp-content\/uploads\/2025\/07\/logo-turboskymount-blanc-fond-noir2.png","contentUrl":"https:\/\/www.turboskymount.com\/wp-content\/uploads\/2025\/07\/logo-turboskymount-blanc-fond-noir2.png","width":1753,"height":338,"caption":"TurboSkyMount"},"image":{"@id":"https:\/\/turboskymount.com\/#\/schema\/logo\/image\/"},"sameAs":["https:\/\/www.facebook.com\/turboskymount","https:\/\/www.instagram.com\/turboskymount\/"]}]}},"_links":{"self":[{"href":"https:\/\/www.turboskymount.com\/en\/wp-json\/wp\/v2\/pages\/1597","targetHints":{"allow":["GET"]}}],"collection":[{"href":"https:\/\/www.turboskymount.com\/en\/wp-json\/wp\/v2\/pages"}],"about":[{"href":"https:\/\/www.turboskymount.com\/en\/wp-json\/wp\/v2\/types\/page"}],"author":[{"embeddable":true,"href":"https:\/\/www.turboskymount.com\/en\/wp-json\/wp\/v2\/users\/1"}],"replies":[{"embeddable":true,"href":"https:\/\/www.turboskymount.com\/en\/wp-json\/wp\/v2\/comments?post=1597"}],"version-history":[{"count":41,"href":"https:\/\/www.turboskymount.com\/en\/wp-json\/wp\/v2\/pages\/1597\/revisions"}],"predecessor-version":[{"id":4740,"href":"https:\/\/www.turboskymount.com\/en\/wp-json\/wp\/v2\/pages\/1597\/revisions\/4740"}],"wp:featuredmedia":[{"embeddable":true,"href":"https:\/\/www.turboskymount.com\/en\/wp-json\/wp\/v2\/media\/3876"}],"wp:attachment":[{"href":"https:\/\/www.turboskymount.com\/en\/wp-json\/wp\/v2\/media?parent=1597"}],"curies":[{"name":"wp","href":"https:\/\/api.w.org\/{rel}","templated":true}]}}