{"id":2013,"date":"2024-02-03T04:44:09","date_gmt":"2024-02-03T03:44:09","guid":{"rendered":"https:\/\/www.turbosqu3d.com\/?page_id=2013"},"modified":"2025-09-10T16:51:57","modified_gmt":"2025-09-10T14:51:57","slug":"newsletter","status":"publish","type":"page","link":"https:\/\/www.turboskymount.com\/en\/newsletter\/","title":{"rendered":"Newsletter"},"content":{"rendered":"<div data-elementor-type=\"wp-page\" data-elementor-id=\"2013\" class=\"elementor elementor-2013\">\n\t\t\t\t\t\t<section class=\"elementor-section elementor-top-section elementor-element elementor-element-45ea7d4 elementor-section-boxed elementor-section-height-default elementor-section-height-default\" data-id=\"45ea7d4\" data-element_type=\"section\" data-e-type=\"section\" data-settings=\"{&quot;background_background&quot;:&quot;classic&quot;}\">\n\t\t\t\t\t\t\t<div class=\"elementor-background-overlay\"><\/div>\n\t\t\t\t\t\t\t<div class=\"elementor-container elementor-column-gap-no\">\n\t\t\t\t\t<div class=\"elementor-column elementor-col-100 elementor-top-column elementor-element elementor-element-9de25c3\" data-id=\"9de25c3\" data-element_type=\"column\" data-e-type=\"column\">\n\t\t\t<div class=\"elementor-widget-wrap elementor-element-populated\">\n\t\t\t\t\t\t<div class=\"elementor-element elementor-element-6662232 elementor-widget elementor-widget-heading\" data-id=\"6662232\" data-element_type=\"widget\" data-e-type=\"widget\" data-widget_type=\"heading.default\">\n\t\t\t\t<div class=\"elementor-widget-container\">\n\t\t\t\t\t<h1 class=\"elementor-heading-title elementor-size-default\">Newsletter<\/h1>\t\t\t\t<\/div>\n\t\t\t\t<\/div>\n\t\t\t\t\t<\/div>\n\t\t<\/div>\n\t\t\t\t\t<\/div>\n\t\t<\/section>\n\t\t\t\t<section class=\"elementor-section elementor-top-section elementor-element elementor-element-f3e0b8d elementor-section-boxed elementor-section-height-default elementor-section-height-default\" data-id=\"f3e0b8d\" data-element_type=\"section\" data-e-type=\"section\">\n\t\t\t\t\t\t<div class=\"elementor-container elementor-column-gap-default\">\n\t\t\t\t\t<div class=\"elementor-column elementor-col-100 elementor-top-column elementor-element elementor-element-bde98ec\" data-id=\"bde98ec\" data-element_type=\"column\" data-e-type=\"column\">\n\t\t\t<div class=\"elementor-widget-wrap elementor-element-populated\">\n\t\t\t\t\t\t<div class=\"elementor-element elementor-element-af3bdcc elementor-widget__width-initial elementor-widget elementor-widget-text-editor\" data-id=\"af3bdcc\" data-element_type=\"widget\" data-e-type=\"widget\" data-widget_type=\"text-editor.default\">\n\t\t\t\t<div class=\"elementor-widget-container\">\n\t\t\t\t\t\t\t\t\t<p><script>(function() {\n\twindow.mc4wp = window.mc4wp || {\n\t\tlisteners: [],\n\t\tforms: {\n\t\t\ton: function(evt, cb) {\n\t\t\t\twindow.mc4wp.listeners.push(\n\t\t\t\t\t{\n\t\t\t\t\t\tevent   : evt,\n\t\t\t\t\t\tcallback: cb\n\t\t\t\t\t}\n\t\t\t\t);\n\t\t\t}\n\t\t}\n\t}\n})();\n<\/script><!-- Mailchimp for WordPress v4.12.1 - https:\/\/wordpress.org\/plugins\/mailchimp-for-wp\/ --><form id=\"mc4wp-form-1\" class=\"mc4wp-form mc4wp-form-3322 mc4wp-form-theme mc4wp-form-theme-green\" method=\"post\" data-id=\"3322\" data-name=\"Newsletter\" action=\"\" ><div class=\"mc4wp-form-fields\"><p>\r\n    <input type=\"text\" name=\"FNAME\" placeholder=\"First Name\" required=\"\">\r\n<\/p>\r\n\r\n<p>\r\n    <input type=\"text\" name=\"LNAME\" placeholder=\"Name\">\r\n<\/p>\r\n\r\n<p>\r\n\t\t<input type=\"email\" name=\"EMAIL\" placeholder=\"Email\" required \/>\r\n<\/label>\r\n<\/p>\r\n\r\n<p>\r\n    <label>\r\n        <input type=\"checkbox\" name=\"AGREE_TO_TERMS\" value=\"1\" required=\"\"> <a href=\"https:\/\/www.turboskymount.com\/en\/confidentialite\/\" target=\"_blank\">I have read and accept the terms and conditions<\/a>\r\n    <\/label>\r\n<\/p>\r\n\r\n<p>\r\n\t<input type=\"submit\" value=\"Join the newsletter\" \/>\r\n<\/p>\r\n\r\n<mc4wp-procaptcha class=\"mc4wp-procaptcha\" style=\"display: block;\"><div class=\"mc4wp-procaptcha__captcha\"><\/div><p class=\"mc4wp-procaptcha__validation-error\" style=\"visibility: hidden;color:red;line-height:1;font-size: 12px;padding: 7px 0 10px 10px;margin:0;\">Please verify that you are human.<\/p><\/mc4wp-procaptcha>\r\n<\/div><label style=\"display: none !important;\">Leave this field empty if you&rsquo;re human: <input type=\"text\" name=\"_mc4wp_honeypot\" value=\"\" tabindex=\"-1\" autocomplete=\"off\" \/><\/label><input type=\"hidden\" name=\"_mc4wp_timestamp\" value=\"1776417137\" \/><input type=\"hidden\" name=\"_mc4wp_form_id\" value=\"3322\" \/><input type=\"hidden\" name=\"_mc4wp_form_element_id\" value=\"mc4wp-form-1\" \/><div class=\"mc4wp-response\"><\/div><input type=\"hidden\" name=\"trp-form-language\" value=\"en\"\/><\/form><!-- \/ Mailchimp for WordPress Plugin --><br><\/p>\t\t\t\t\t\t\t\t<\/div>\n\t\t\t\t<\/div>\n\t\t\t\t\t<\/div>\n\t\t<\/div>\n\t\t\t\t\t<\/div>\n\t\t<\/section>\n\t\t\t\t<\/div>","protected":false},"excerpt":{"rendered":"<p>Newsletter<\/p>","protected":false},"author":1,"featured_media":3876,"parent":0,"menu_order":0,"comment_status":"closed","ping_status":"closed","template":"","meta":{"_monsterinsights_skip_tracking":false,"_monsterinsights_sitenote_active":false,"_monsterinsights_sitenote_note":"","_monsterinsights_sitenote_category":0,"site-sidebar-layout":"no-sidebar","site-content-layout":"page-builder","ast-site-content-layout":"full-width-container","site-content-style":"unboxed","site-sidebar-style":"unboxed","ast-global-header-display":"","ast-banner-title-visibility":"","ast-main-header-display":"","ast-hfb-above-header-display":"","ast-hfb-below-header-display":"","ast-hfb-mobile-header-display":"","site-post-title":"disabled","ast-breadcrumbs-content":"","ast-featured-img":"disabled","footer-sml-layout":"","ast-disable-related-posts":"","theme-transparent-header-meta":"","adv-header-id-meta":"","stick-header-meta":"","header-above-stick-meta":"","header-main-stick-meta":"","header-below-stick-meta":"","astra-migrate-meta-layouts":"set","ast-page-background-enabled":"default","ast-page-background-meta":{"desktop":{"background-color":"","background-image":"","background-repeat":"repeat","background-position":"center center","background-size":"auto","background-attachment":"scroll","background-type":"","background-media":"","overlay-type":"","overlay-color":"","overlay-opacity":"","overlay-gradient":""},"tablet":{"background-color":"","background-image":"","background-repeat":"repeat","background-position":"center center","background-size":"auto","background-attachment":"scroll","background-type":"","background-media":"","overlay-type":"","overlay-color":"","overlay-opacity":"","overlay-gradient":""},"mobile":{"background-color":"","background-image":"","background-repeat":"repeat","background-position":"center center","background-size":"auto","background-attachment":"scroll","background-type":"","background-media":"","overlay-type":"","overlay-color":"","overlay-opacity":"","overlay-gradient":""}},"ast-content-background-meta":{"desktop":{"background-color":"var(--ast-global-color-5)","background-image":"","background-repeat":"repeat","background-position":"center center","background-size":"auto","background-attachment":"scroll","background-type":"","background-media":"","overlay-type":"","overlay-color":"","overlay-opacity":"","overlay-gradient":""},"tablet":{"background-color":"var(--ast-global-color-5)","background-image":"","background-repeat":"repeat","background-position":"center center","background-size":"auto","background-attachment":"scroll","background-type":"","background-media":"","overlay-type":"","overlay-color":"","overlay-opacity":"","overlay-gradient":""},"mobile":{"background-color":"var(--ast-global-color-5)","background-image":"","background-repeat":"repeat","background-position":"center center","background-size":"auto","background-attachment":"scroll","background-type":"","background-media":"","overlay-type":"","overlay-color":"","overlay-opacity":"","overlay-gradient":""}},"footnotes":""},"class_list":["post-2013","page","type-page","status-publish","has-post-thumbnail","hentry"],"yoast_head":"<!-- This site is optimized with the Yoast SEO plugin v27.3 - https:\/\/yoast.com\/product\/yoast-seo-wordpress\/ -->\n<title>Newsletter TurboSkyMount : Actu Parachutisme<\/title>\n<meta name=\"description\" content=\"Inscrivez-vous \u00e0 la newsletter TurboSkyMount pour les nouveaut\u00e9s sur nos supports cam\u00e9ra parachutisme GoPro, Insta360, DJI. Made in France.\" \/>\n<meta name=\"robots\" content=\"index, follow, max-snippet:-1, max-image-preview:large, max-video-preview:-1\" \/>\n<link rel=\"canonical\" href=\"https:\/\/www.turboskymount.com\/en\/newsletter\/\" \/>\n<meta property=\"og:locale\" content=\"en_GB\" \/>\n<meta property=\"og:type\" content=\"article\" \/>\n<meta property=\"og:title\" content=\"Newsletter TurboSkyMount : Supports Parachutisme\" \/>\n<meta property=\"og:description\" content=\"Rejoignez la newsletter TurboSkyMount pour les derni\u00e8res actus sur nos supports cam\u00e9ra GoPro, Insta360, DJI. www.turboskymount.com\/newsletter\" \/>\n<meta property=\"og:url\" content=\"https:\/\/www.turboskymount.com\/en\/newsletter\/\" \/>\n<meta property=\"og:site_name\" content=\"TurboSkyMount\" \/>\n<meta property=\"article:publisher\" content=\"https:\/\/www.facebook.com\/turboskymount\" \/>\n<meta property=\"article:modified_time\" content=\"2025-09-10T14:51:57+00:00\" \/>\n<meta property=\"og:image\" content=\"https:\/\/www.turboskymount.com\/wp-content\/uploads\/2025\/03\/casques-cookie-g4-tonfly-tfx-supports-camera-parachutisme.jpg\" \/>\n\t<meta property=\"og:image:width\" content=\"2048\" \/>\n\t<meta property=\"og:image:height\" content=\"921\" \/>\n\t<meta property=\"og:image:type\" content=\"image\/jpeg\" \/>\n<meta name=\"twitter:card\" content=\"summary_large_image\" \/>\n<meta name=\"twitter:title\" content=\"Newsletter TurboSkyMount : Supports Parachutisme\" \/>\n<meta name=\"twitter:description\" content=\"Rejoignez la newsletter TurboSkyMount pour les derni\u00e8res actus sur nos supports cam\u00e9ra GoPro, Insta360, DJI. www.turboskymount.com\/newsletter\" \/>\n<meta name=\"twitter:image\" content=\"https:\/\/www.turboskymount.com\/wp-content\/uploads\/2025\/03\/casques-cookie-g4-tonfly-tfx-supports-camera-parachutisme.jpg\" \/>\n<meta name=\"twitter:label1\" content=\"Estimated reading time\" \/>\n\t<meta name=\"twitter:data1\" content=\"1 minute\" \/>\n<script type=\"application\/ld+json\" class=\"yoast-schema-graph\">{\"@context\":\"https:\\\/\\\/schema.org\",\"@graph\":[{\"@type\":\"WebPage\",\"@id\":\"https:\\\/\\\/www.turboskymount.com\\\/newsletter\\\/\",\"url\":\"https:\\\/\\\/www.turboskymount.com\\\/newsletter\\\/\",\"name\":\"Newsletter TurboSkyMount : Actu Parachutisme\",\"isPartOf\":{\"@id\":\"https:\\\/\\\/turboskymount.com\\\/#website\"},\"primaryImageOfPage\":{\"@id\":\"https:\\\/\\\/www.turboskymount.com\\\/newsletter\\\/#primaryimage\"},\"image\":{\"@id\":\"https:\\\/\\\/www.turboskymount.com\\\/newsletter\\\/#primaryimage\"},\"thumbnailUrl\":\"https:\\\/\\\/www.turboskymount.com\\\/wp-content\\\/uploads\\\/2025\\\/03\\\/casques-cookie-g4-tonfly-tfx-supports-camera-parachutisme.jpg\",\"datePublished\":\"2024-02-03T03:44:09+00:00\",\"dateModified\":\"2025-09-10T14:51:57+00:00\",\"description\":\"Inscrivez-vous \u00e0 la newsletter TurboSkyMount pour les nouveaut\u00e9s sur nos supports cam\u00e9ra parachutisme GoPro, Insta360, DJI. Made in France.\",\"breadcrumb\":{\"@id\":\"https:\\\/\\\/www.turboskymount.com\\\/newsletter\\\/#breadcrumb\"},\"inLanguage\":\"en-GB\",\"potentialAction\":[{\"@type\":\"ReadAction\",\"target\":[\"https:\\\/\\\/www.turboskymount.com\\\/newsletter\\\/\"]}]},{\"@type\":\"ImageObject\",\"inLanguage\":\"en-GB\",\"@id\":\"https:\\\/\\\/www.turboskymount.com\\\/newsletter\\\/#primaryimage\",\"url\":\"https:\\\/\\\/www.turboskymount.com\\\/wp-content\\\/uploads\\\/2025\\\/03\\\/casques-cookie-g4-tonfly-tfx-supports-camera-parachutisme.jpg\",\"contentUrl\":\"https:\\\/\\\/www.turboskymount.com\\\/wp-content\\\/uploads\\\/2025\\\/03\\\/casques-cookie-g4-tonfly-tfx-supports-camera-parachutisme.jpg\",\"width\":2048,\"height\":921,\"caption\":\"D\u00e9couvrez les supports de cam\u00e9ra TurboSkyMount mont\u00e9s sur des casques Cookie G4 et Tonfly TFX, utilis\u00e9s pour capturer des images de haute qualit\u00e9 en chute libre. Ces supports sont adapt\u00e9s \u00e0 des cam\u00e9ras GoPro et Insta360 X3 pour des prises de vue exceptionnelles. Multi-casque : toutes surfaces sph\u00e9riques et plates.\"},{\"@type\":\"BreadcrumbList\",\"@id\":\"https:\\\/\\\/www.turboskymount.com\\\/newsletter\\\/#breadcrumb\",\"itemListElement\":[{\"@type\":\"ListItem\",\"position\":1,\"name\":\"Accueil\",\"item\":\"https:\\\/\\\/www.turboskymount.com\\\/\"},{\"@type\":\"ListItem\",\"position\":2,\"name\":\"Newsletter\"}]},{\"@type\":\"WebSite\",\"@id\":\"https:\\\/\\\/turboskymount.com\\\/#website\",\"url\":\"https:\\\/\\\/turboskymount.com\\\/\",\"name\":\"TurboSkyMount\",\"description\":\"3D Printing Solutions\",\"publisher\":{\"@id\":\"https:\\\/\\\/turboskymount.com\\\/#organization\"},\"potentialAction\":[{\"@type\":\"SearchAction\",\"target\":{\"@type\":\"EntryPoint\",\"urlTemplate\":\"https:\\\/\\\/turboskymount.com\\\/?s={search_term_string}\"},\"query-input\":{\"@type\":\"PropertyValueSpecification\",\"valueRequired\":true,\"valueName\":\"search_term_string\"}}],\"inLanguage\":\"en-GB\"},{\"@type\":\"Organization\",\"@id\":\"https:\\\/\\\/turboskymount.com\\\/#organization\",\"name\":\"TurboSkyMount\",\"url\":\"https:\\\/\\\/turboskymount.com\\\/\",\"logo\":{\"@type\":\"ImageObject\",\"inLanguage\":\"en-GB\",\"@id\":\"https:\\\/\\\/turboskymount.com\\\/#\\\/schema\\\/logo\\\/image\\\/\",\"url\":\"https:\\\/\\\/www.turboskymount.com\\\/wp-content\\\/uploads\\\/2025\\\/07\\\/logo-turboskymount-blanc-fond-noir2.png\",\"contentUrl\":\"https:\\\/\\\/www.turboskymount.com\\\/wp-content\\\/uploads\\\/2025\\\/07\\\/logo-turboskymount-blanc-fond-noir2.png\",\"width\":1753,\"height\":338,\"caption\":\"TurboSkyMount\"},\"image\":{\"@id\":\"https:\\\/\\\/turboskymount.com\\\/#\\\/schema\\\/logo\\\/image\\\/\"},\"sameAs\":[\"https:\\\/\\\/www.facebook.com\\\/turboskymount\",\"https:\\\/\\\/www.instagram.com\\\/turboskymount\\\/\"]}]}<\/script>\n<!-- \/ Yoast SEO plugin. -->","yoast_head_json":{"title":"Newsletter TurboSkyMount : Actu Parachutisme","description":"Inscrivez-vous \u00e0 la newsletter TurboSkyMount pour les nouveaut\u00e9s sur nos supports cam\u00e9ra parachutisme GoPro, Insta360, DJI. Made in France.","robots":{"index":"index","follow":"follow","max-snippet":"max-snippet:-1","max-image-preview":"max-image-preview:large","max-video-preview":"max-video-preview:-1"},"canonical":"https:\/\/www.turboskymount.com\/en\/newsletter\/","og_locale":"en_GB","og_type":"article","og_title":"Newsletter TurboSkyMount : Supports Parachutisme","og_description":"Rejoignez la newsletter TurboSkyMount pour les derni\u00e8res actus sur nos supports cam\u00e9ra GoPro, Insta360, DJI. www.turboskymount.com\/newsletter","og_url":"https:\/\/www.turboskymount.com\/en\/newsletter\/","og_site_name":"TurboSkyMount","article_publisher":"https:\/\/www.facebook.com\/turboskymount","article_modified_time":"2025-09-10T14:51:57+00:00","og_image":[{"width":2048,"height":921,"url":"https:\/\/www.turboskymount.com\/wp-content\/uploads\/2025\/03\/casques-cookie-g4-tonfly-tfx-supports-camera-parachutisme.jpg","type":"image\/jpeg"}],"twitter_card":"summary_large_image","twitter_title":"Newsletter TurboSkyMount : Supports Parachutisme","twitter_description":"Rejoignez la newsletter TurboSkyMount pour les derni\u00e8res actus sur nos supports cam\u00e9ra GoPro, Insta360, DJI. www.turboskymount.com\/newsletter","twitter_image":"https:\/\/www.turboskymount.com\/wp-content\/uploads\/2025\/03\/casques-cookie-g4-tonfly-tfx-supports-camera-parachutisme.jpg","twitter_misc":{"Estimated reading time":"1 minute"},"schema":{"@context":"https:\/\/schema.org","@graph":[{"@type":"WebPage","@id":"https:\/\/www.turboskymount.com\/newsletter\/","url":"https:\/\/www.turboskymount.com\/newsletter\/","name":"Newsletter TurboSkyMount : Actu Parachutisme","isPartOf":{"@id":"https:\/\/turboskymount.com\/#website"},"primaryImageOfPage":{"@id":"https:\/\/www.turboskymount.com\/newsletter\/#primaryimage"},"image":{"@id":"https:\/\/www.turboskymount.com\/newsletter\/#primaryimage"},"thumbnailUrl":"https:\/\/www.turboskymount.com\/wp-content\/uploads\/2025\/03\/casques-cookie-g4-tonfly-tfx-supports-camera-parachutisme.jpg","datePublished":"2024-02-03T03:44:09+00:00","dateModified":"2025-09-10T14:51:57+00:00","description":"Inscrivez-vous \u00e0 la newsletter TurboSkyMount pour les nouveaut\u00e9s sur nos supports cam\u00e9ra parachutisme GoPro, Insta360, DJI. Made in France.","breadcrumb":{"@id":"https:\/\/www.turboskymount.com\/newsletter\/#breadcrumb"},"inLanguage":"en-GB","potentialAction":[{"@type":"ReadAction","target":["https:\/\/www.turboskymount.com\/newsletter\/"]}]},{"@type":"ImageObject","inLanguage":"en-GB","@id":"https:\/\/www.turboskymount.com\/newsletter\/#primaryimage","url":"https:\/\/www.turboskymount.com\/wp-content\/uploads\/2025\/03\/casques-cookie-g4-tonfly-tfx-supports-camera-parachutisme.jpg","contentUrl":"https:\/\/www.turboskymount.com\/wp-content\/uploads\/2025\/03\/casques-cookie-g4-tonfly-tfx-supports-camera-parachutisme.jpg","width":2048,"height":921,"caption":"D\u00e9couvrez les supports de cam\u00e9ra TurboSkyMount mont\u00e9s sur des casques Cookie G4 et Tonfly TFX, utilis\u00e9s pour capturer des images de haute qualit\u00e9 en chute libre. Ces supports sont adapt\u00e9s \u00e0 des cam\u00e9ras GoPro et Insta360 X3 pour des prises de vue exceptionnelles. Multi-casque : toutes surfaces sph\u00e9riques et plates."},{"@type":"BreadcrumbList","@id":"https:\/\/www.turboskymount.com\/newsletter\/#breadcrumb","itemListElement":[{"@type":"ListItem","position":1,"name":"Accueil","item":"https:\/\/www.turboskymount.com\/"},{"@type":"ListItem","position":2,"name":"Newsletter"}]},{"@type":"WebSite","@id":"https:\/\/turboskymount.com\/#website","url":"https:\/\/turboskymount.com\/","name":"TurboSkyMount","description":"3D Printing Solutions","publisher":{"@id":"https:\/\/turboskymount.com\/#organization"},"potentialAction":[{"@type":"SearchAction","target":{"@type":"EntryPoint","urlTemplate":"https:\/\/turboskymount.com\/?s={search_term_string}"},"query-input":{"@type":"PropertyValueSpecification","valueRequired":true,"valueName":"search_term_string"}}],"inLanguage":"en-GB"},{"@type":"Organization","@id":"https:\/\/turboskymount.com\/#organization","name":"TurboSkyMount","url":"https:\/\/turboskymount.com\/","logo":{"@type":"ImageObject","inLanguage":"en-GB","@id":"https:\/\/turboskymount.com\/#\/schema\/logo\/image\/","url":"https:\/\/www.turboskymount.com\/wp-content\/uploads\/2025\/07\/logo-turboskymount-blanc-fond-noir2.png","contentUrl":"https:\/\/www.turboskymount.com\/wp-content\/uploads\/2025\/07\/logo-turboskymount-blanc-fond-noir2.png","width":1753,"height":338,"caption":"TurboSkyMount"},"image":{"@id":"https:\/\/turboskymount.com\/#\/schema\/logo\/image\/"},"sameAs":["https:\/\/www.facebook.com\/turboskymount","https:\/\/www.instagram.com\/turboskymount\/"]}]}},"_links":{"self":[{"href":"https:\/\/www.turboskymount.com\/en\/wp-json\/wp\/v2\/pages\/2013","targetHints":{"allow":["GET"]}}],"collection":[{"href":"https:\/\/www.turboskymount.com\/en\/wp-json\/wp\/v2\/pages"}],"about":[{"href":"https:\/\/www.turboskymount.com\/en\/wp-json\/wp\/v2\/types\/page"}],"author":[{"embeddable":true,"href":"https:\/\/www.turboskymount.com\/en\/wp-json\/wp\/v2\/users\/1"}],"replies":[{"embeddable":true,"href":"https:\/\/www.turboskymount.com\/en\/wp-json\/wp\/v2\/comments?post=2013"}],"version-history":[{"count":14,"href":"https:\/\/www.turboskymount.com\/en\/wp-json\/wp\/v2\/pages\/2013\/revisions"}],"predecessor-version":[{"id":4741,"href":"https:\/\/www.turboskymount.com\/en\/wp-json\/wp\/v2\/pages\/2013\/revisions\/4741"}],"wp:featuredmedia":[{"embeddable":true,"href":"https:\/\/www.turboskymount.com\/en\/wp-json\/wp\/v2\/media\/3876"}],"wp:attachment":[{"href":"https:\/\/www.turboskymount.com\/en\/wp-json\/wp\/v2\/media?parent=2013"}],"curies":[{"name":"wp","href":"https:\/\/api.w.org\/{rel}","templated":true}]}}