{"id":9,"date":"2021-03-17T08:32:39","date_gmt":"2021-03-17T08:32:39","guid":{"rendered":"http:\/\/turbosqu3d.com\/?page_id=9"},"modified":"2025-09-10T16:51:12","modified_gmt":"2025-09-10T14:51:12","slug":"mon-compte","status":"publish","type":"page","link":"https:\/\/www.turboskymount.com\/en\/mon-compte\/","title":{"rendered":"My account"},"content":{"rendered":"<div class=\"woocommerce\"><\/div>","protected":false},"excerpt":{"rendered":"","protected":false},"author":1,"featured_media":3876,"parent":0,"menu_order":0,"comment_status":"closed","ping_status":"closed","template":"","meta":{"_monsterinsights_skip_tracking":false,"_monsterinsights_sitenote_active":false,"_monsterinsights_sitenote_note":"","_monsterinsights_sitenote_category":0,"site-sidebar-layout":"no-sidebar","site-content-layout":"page-builder","ast-site-content-layout":"full-width-container","site-content-style":"unboxed","site-sidebar-style":"unboxed","ast-global-header-display":"","ast-banner-title-visibility":"","ast-main-header-display":"","ast-hfb-above-header-display":"","ast-hfb-below-header-display":"","ast-hfb-mobile-header-display":"","site-post-title":"disabled","ast-breadcrumbs-content":"","ast-featured-img":"disabled","footer-sml-layout":"","ast-disable-related-posts":"","theme-transparent-header-meta":"","adv-header-id-meta":"","stick-header-meta":"","header-above-stick-meta":"","header-main-stick-meta":"","header-below-stick-meta":"","astra-migrate-meta-layouts":"set","ast-page-background-enabled":"default","ast-page-background-meta":{"desktop":{"background-color":"","background-image":"","background-repeat":"repeat","background-position":"center center","background-size":"auto","background-attachment":"scroll","background-type":"","background-media":"","overlay-type":"","overlay-color":"","overlay-opacity":"","overlay-gradient":""},"tablet":{"background-color":"","background-image":"","background-repeat":"repeat","background-position":"center center","background-size":"auto","background-attachment":"scroll","background-type":"","background-media":"","overlay-type":"","overlay-color":"","overlay-opacity":"","overlay-gradient":""},"mobile":{"background-color":"","background-image":"","background-repeat":"repeat","background-position":"center center","background-size":"auto","background-attachment":"scroll","background-type":"","background-media":"","overlay-type":"","overlay-color":"","overlay-opacity":"","overlay-gradient":""}},"ast-content-background-meta":{"desktop":{"background-color":"var(--ast-global-color-5)","background-image":"","background-repeat":"repeat","background-position":"center center","background-size":"auto","background-attachment":"scroll","background-type":"","background-media":"","overlay-type":"","overlay-color":"","overlay-opacity":"","overlay-gradient":""},"tablet":{"background-color":"var(--ast-global-color-5)","background-image":"","background-repeat":"repeat","background-position":"center center","background-size":"auto","background-attachment":"scroll","background-type":"","background-media":"","overlay-type":"","overlay-color":"","overlay-opacity":"","overlay-gradient":""},"mobile":{"background-color":"var(--ast-global-color-5)","background-image":"","background-repeat":"repeat","background-position":"center center","background-size":"auto","background-attachment":"scroll","background-type":"","background-media":"","overlay-type":"","overlay-color":"","overlay-opacity":"","overlay-gradient":""}},"footnotes":""},"class_list":["post-9","page","type-page","status-publish","has-post-thumbnail","hentry"],"yoast_head":"<!-- This site is optimized with the Yoast SEO plugin v27.3 - https:\/\/yoast.com\/product\/yoast-seo-wordpress\/ -->\n<title>Mon compte - TurboSkyMount<\/title>\n<meta name=\"robots\" content=\"noindex, nofollow\" \/>\n<meta property=\"og:locale\" content=\"en_GB\" \/>\n<meta property=\"og:type\" content=\"article\" \/>\n<meta property=\"og:title\" content=\"Mon Compte TurboSkyMount : Gestion Commandes\" \/>\n<meta property=\"og:description\" content=\"G\u00e9rez vos commandes de supports cam\u00e9ra parachutisme sur TurboSkyMount. GoPro, Insta360, DJI, FlySight. www.turboskymount.com\/mon-compte\" \/>\n<meta property=\"og:url\" content=\"https:\/\/www.turboskymount.com\/en\/mon-compte\/\" \/>\n<meta property=\"og:site_name\" content=\"TurboSkyMount\" \/>\n<meta property=\"article:publisher\" content=\"https:\/\/www.facebook.com\/turboskymount\" \/>\n<meta property=\"article:modified_time\" content=\"2025-09-10T14:51:12+00:00\" \/>\n<meta property=\"og:image\" content=\"https:\/\/www.turboskymount.com\/wp-content\/uploads\/2025\/03\/casques-cookie-g4-tonfly-tfx-supports-camera-parachutisme.jpg\" \/>\n\t<meta property=\"og:image:width\" content=\"2048\" \/>\n\t<meta property=\"og:image:height\" content=\"921\" \/>\n\t<meta property=\"og:image:type\" content=\"image\/jpeg\" \/>\n<meta name=\"twitter:card\" content=\"summary_large_image\" \/>\n<meta name=\"twitter:title\" content=\"Mon Compte TurboSkyMount : Gestion Commandes\" \/>\n<meta name=\"twitter:description\" content=\"G\u00e9rez vos commandes de supports cam\u00e9ra parachutisme sur TurboSkyMount. GoPro, Insta360, DJI, FlySight. www.turboskymount.com\/mon-compte\" \/>\n<meta name=\"twitter:image\" content=\"https:\/\/www.turboskymount.com\/wp-content\/uploads\/2025\/03\/casques-cookie-g4-tonfly-tfx-supports-camera-parachutisme.jpg\" \/>\n<meta name=\"twitter:label1\" content=\"Estimated reading time\" \/>\n\t<meta name=\"twitter:data1\" content=\"1 minute\" \/>\n<script type=\"application\/ld+json\" class=\"yoast-schema-graph\">{\"@context\":\"https:\\\/\\\/schema.org\",\"@graph\":[{\"@type\":\"WebPage\",\"@id\":\"https:\\\/\\\/www.turboskymount.com\\\/mon-compte\\\/\",\"url\":\"https:\\\/\\\/www.turboskymount.com\\\/mon-compte\\\/\",\"name\":\"Mon compte - TurboSkyMount\",\"isPartOf\":{\"@id\":\"https:\\\/\\\/turboskymount.com\\\/#website\"},\"primaryImageOfPage\":{\"@id\":\"https:\\\/\\\/www.turboskymount.com\\\/mon-compte\\\/#primaryimage\"},\"image\":{\"@id\":\"https:\\\/\\\/www.turboskymount.com\\\/mon-compte\\\/#primaryimage\"},\"thumbnailUrl\":\"https:\\\/\\\/www.turboskymount.com\\\/wp-content\\\/uploads\\\/2025\\\/03\\\/casques-cookie-g4-tonfly-tfx-supports-camera-parachutisme.jpg\",\"datePublished\":\"2021-03-17T08:32:39+00:00\",\"dateModified\":\"2025-09-10T14:51:12+00:00\",\"breadcrumb\":{\"@id\":\"https:\\\/\\\/www.turboskymount.com\\\/mon-compte\\\/#breadcrumb\"},\"inLanguage\":\"en-GB\",\"potentialAction\":[{\"@type\":\"ReadAction\",\"target\":[\"https:\\\/\\\/www.turboskymount.com\\\/mon-compte\\\/\"]}]},{\"@type\":\"ImageObject\",\"inLanguage\":\"en-GB\",\"@id\":\"https:\\\/\\\/www.turboskymount.com\\\/mon-compte\\\/#primaryimage\",\"url\":\"https:\\\/\\\/www.turboskymount.com\\\/wp-content\\\/uploads\\\/2025\\\/03\\\/casques-cookie-g4-tonfly-tfx-supports-camera-parachutisme.jpg\",\"contentUrl\":\"https:\\\/\\\/www.turboskymount.com\\\/wp-content\\\/uploads\\\/2025\\\/03\\\/casques-cookie-g4-tonfly-tfx-supports-camera-parachutisme.jpg\",\"width\":2048,\"height\":921,\"caption\":\"D\u00e9couvrez les supports de cam\u00e9ra TurboSkyMount mont\u00e9s sur des casques Cookie G4 et Tonfly TFX, utilis\u00e9s pour capturer des images de haute qualit\u00e9 en chute libre. Ces supports sont adapt\u00e9s \u00e0 des cam\u00e9ras GoPro et Insta360 X3 pour des prises de vue exceptionnelles. Multi-casque : toutes surfaces sph\u00e9riques et plates.\"},{\"@type\":\"BreadcrumbList\",\"@id\":\"https:\\\/\\\/www.turboskymount.com\\\/mon-compte\\\/#breadcrumb\",\"itemListElement\":[{\"@type\":\"ListItem\",\"position\":1,\"name\":\"Accueil\",\"item\":\"https:\\\/\\\/www.turboskymount.com\\\/\"},{\"@type\":\"ListItem\",\"position\":2,\"name\":\"Mon compte\"}]},{\"@type\":\"WebSite\",\"@id\":\"https:\\\/\\\/turboskymount.com\\\/#website\",\"url\":\"https:\\\/\\\/turboskymount.com\\\/\",\"name\":\"TurboSkyMount\",\"description\":\"3D Printing Solutions\",\"publisher\":{\"@id\":\"https:\\\/\\\/turboskymount.com\\\/#organization\"},\"potentialAction\":[{\"@type\":\"SearchAction\",\"target\":{\"@type\":\"EntryPoint\",\"urlTemplate\":\"https:\\\/\\\/turboskymount.com\\\/?s={search_term_string}\"},\"query-input\":{\"@type\":\"PropertyValueSpecification\",\"valueRequired\":true,\"valueName\":\"search_term_string\"}}],\"inLanguage\":\"en-GB\"},{\"@type\":\"Organization\",\"@id\":\"https:\\\/\\\/turboskymount.com\\\/#organization\",\"name\":\"TurboSkyMount\",\"url\":\"https:\\\/\\\/turboskymount.com\\\/\",\"logo\":{\"@type\":\"ImageObject\",\"inLanguage\":\"en-GB\",\"@id\":\"https:\\\/\\\/turboskymount.com\\\/#\\\/schema\\\/logo\\\/image\\\/\",\"url\":\"https:\\\/\\\/www.turboskymount.com\\\/wp-content\\\/uploads\\\/2025\\\/07\\\/logo-turboskymount-blanc-fond-noir2.png\",\"contentUrl\":\"https:\\\/\\\/www.turboskymount.com\\\/wp-content\\\/uploads\\\/2025\\\/07\\\/logo-turboskymount-blanc-fond-noir2.png\",\"width\":1753,\"height\":338,\"caption\":\"TurboSkyMount\"},\"image\":{\"@id\":\"https:\\\/\\\/turboskymount.com\\\/#\\\/schema\\\/logo\\\/image\\\/\"},\"sameAs\":[\"https:\\\/\\\/www.facebook.com\\\/turboskymount\",\"https:\\\/\\\/www.instagram.com\\\/turboskymount\\\/\"]}]}<\/script>\n<!-- \/ Yoast SEO plugin. -->","yoast_head_json":{"title":"Mon compte - TurboSkyMount","robots":{"index":"noindex","follow":"nofollow"},"og_locale":"en_GB","og_type":"article","og_title":"Mon Compte TurboSkyMount : Gestion Commandes","og_description":"G\u00e9rez vos commandes de supports cam\u00e9ra parachutisme sur TurboSkyMount. GoPro, Insta360, DJI, FlySight. www.turboskymount.com\/mon-compte","og_url":"https:\/\/www.turboskymount.com\/en\/mon-compte\/","og_site_name":"TurboSkyMount","article_publisher":"https:\/\/www.facebook.com\/turboskymount","article_modified_time":"2025-09-10T14:51:12+00:00","og_image":[{"width":2048,"height":921,"url":"https:\/\/www.turboskymount.com\/wp-content\/uploads\/2025\/03\/casques-cookie-g4-tonfly-tfx-supports-camera-parachutisme.jpg","type":"image\/jpeg"}],"twitter_card":"summary_large_image","twitter_title":"Mon Compte TurboSkyMount : Gestion Commandes","twitter_description":"G\u00e9rez vos commandes de supports cam\u00e9ra parachutisme sur TurboSkyMount. GoPro, Insta360, DJI, FlySight. www.turboskymount.com\/mon-compte","twitter_image":"https:\/\/www.turboskymount.com\/wp-content\/uploads\/2025\/03\/casques-cookie-g4-tonfly-tfx-supports-camera-parachutisme.jpg","twitter_misc":{"Estimated reading time":"1 minute"},"schema":{"@context":"https:\/\/schema.org","@graph":[{"@type":"WebPage","@id":"https:\/\/www.turboskymount.com\/mon-compte\/","url":"https:\/\/www.turboskymount.com\/mon-compte\/","name":"Mon compte - TurboSkyMount","isPartOf":{"@id":"https:\/\/turboskymount.com\/#website"},"primaryImageOfPage":{"@id":"https:\/\/www.turboskymount.com\/mon-compte\/#primaryimage"},"image":{"@id":"https:\/\/www.turboskymount.com\/mon-compte\/#primaryimage"},"thumbnailUrl":"https:\/\/www.turboskymount.com\/wp-content\/uploads\/2025\/03\/casques-cookie-g4-tonfly-tfx-supports-camera-parachutisme.jpg","datePublished":"2021-03-17T08:32:39+00:00","dateModified":"2025-09-10T14:51:12+00:00","breadcrumb":{"@id":"https:\/\/www.turboskymount.com\/mon-compte\/#breadcrumb"},"inLanguage":"en-GB","potentialAction":[{"@type":"ReadAction","target":["https:\/\/www.turboskymount.com\/mon-compte\/"]}]},{"@type":"ImageObject","inLanguage":"en-GB","@id":"https:\/\/www.turboskymount.com\/mon-compte\/#primaryimage","url":"https:\/\/www.turboskymount.com\/wp-content\/uploads\/2025\/03\/casques-cookie-g4-tonfly-tfx-supports-camera-parachutisme.jpg","contentUrl":"https:\/\/www.turboskymount.com\/wp-content\/uploads\/2025\/03\/casques-cookie-g4-tonfly-tfx-supports-camera-parachutisme.jpg","width":2048,"height":921,"caption":"D\u00e9couvrez les supports de cam\u00e9ra TurboSkyMount mont\u00e9s sur des casques Cookie G4 et Tonfly TFX, utilis\u00e9s pour capturer des images de haute qualit\u00e9 en chute libre. Ces supports sont adapt\u00e9s \u00e0 des cam\u00e9ras GoPro et Insta360 X3 pour des prises de vue exceptionnelles. Multi-casque : toutes surfaces sph\u00e9riques et plates."},{"@type":"BreadcrumbList","@id":"https:\/\/www.turboskymount.com\/mon-compte\/#breadcrumb","itemListElement":[{"@type":"ListItem","position":1,"name":"Accueil","item":"https:\/\/www.turboskymount.com\/"},{"@type":"ListItem","position":2,"name":"Mon compte"}]},{"@type":"WebSite","@id":"https:\/\/turboskymount.com\/#website","url":"https:\/\/turboskymount.com\/","name":"TurboSkyMount","description":"3D Printing Solutions","publisher":{"@id":"https:\/\/turboskymount.com\/#organization"},"potentialAction":[{"@type":"SearchAction","target":{"@type":"EntryPoint","urlTemplate":"https:\/\/turboskymount.com\/?s={search_term_string}"},"query-input":{"@type":"PropertyValueSpecification","valueRequired":true,"valueName":"search_term_string"}}],"inLanguage":"en-GB"},{"@type":"Organization","@id":"https:\/\/turboskymount.com\/#organization","name":"TurboSkyMount","url":"https:\/\/turboskymount.com\/","logo":{"@type":"ImageObject","inLanguage":"en-GB","@id":"https:\/\/turboskymount.com\/#\/schema\/logo\/image\/","url":"https:\/\/www.turboskymount.com\/wp-content\/uploads\/2025\/07\/logo-turboskymount-blanc-fond-noir2.png","contentUrl":"https:\/\/www.turboskymount.com\/wp-content\/uploads\/2025\/07\/logo-turboskymount-blanc-fond-noir2.png","width":1753,"height":338,"caption":"TurboSkyMount"},"image":{"@id":"https:\/\/turboskymount.com\/#\/schema\/logo\/image\/"},"sameAs":["https:\/\/www.facebook.com\/turboskymount","https:\/\/www.instagram.com\/turboskymount\/"]}]}},"_links":{"self":[{"href":"https:\/\/www.turboskymount.com\/en\/wp-json\/wp\/v2\/pages\/9","targetHints":{"allow":["GET"]}}],"collection":[{"href":"https:\/\/www.turboskymount.com\/en\/wp-json\/wp\/v2\/pages"}],"about":[{"href":"https:\/\/www.turboskymount.com\/en\/wp-json\/wp\/v2\/types\/page"}],"author":[{"embeddable":true,"href":"https:\/\/www.turboskymount.com\/en\/wp-json\/wp\/v2\/users\/1"}],"replies":[{"embeddable":true,"href":"https:\/\/www.turboskymount.com\/en\/wp-json\/wp\/v2\/comments?post=9"}],"version-history":[{"count":3,"href":"https:\/\/www.turboskymount.com\/en\/wp-json\/wp\/v2\/pages\/9\/revisions"}],"predecessor-version":[{"id":4581,"href":"https:\/\/www.turboskymount.com\/en\/wp-json\/wp\/v2\/pages\/9\/revisions\/4581"}],"wp:featuredmedia":[{"embeddable":true,"href":"https:\/\/www.turboskymount.com\/en\/wp-json\/wp\/v2\/media\/3876"}],"wp:attachment":[{"href":"https:\/\/www.turboskymount.com\/en\/wp-json\/wp\/v2\/media?parent=9"}],"curies":[{"name":"wp","href":"https:\/\/api.w.org\/{rel}","templated":true}]}}