{"id":2662,"date":"2024-05-02T01:42:15","date_gmt":"2024-05-01T23:42:15","guid":{"rendered":"https:\/\/www.turbosqu3d.com\/?post_type=product&#038;p=2662"},"modified":"2025-12-26T19:07:55","modified_gmt":"2025-12-26T18:07:55","slug":"support-insta360-magnetique","status":"publish","type":"product","link":"https:\/\/www.turboskymount.com\/en\/product\/support-insta360-magnetique\/","title":{"rendered":"Insta360 magnetic mount"},"content":{"rendered":"<div>\n<h1>Insta360 magnetic mount for skydiving<\/h1>\n<p class=\"translation-block\">Capture every jump with our <strong>Insta360 magnetic mount for skydiving<\/strong>, designed for Insta360 cameras One RS, X1, X2, X3, X4, X4 Air, X5, Ace Pro, Ace Pro 2). For example, this <strong>Insta360 camera mount<\/strong> in ultra-light carbon fiber (80g) attaches without drilling thanks to the ultra-strong 3M VHB adhesive (50kg, -35\u00b0C to +120\u00b0C). Plus, it\u2019s compatible with any helmet, spherical or flat, including Cookie G3, G4, and Tonfly TFX. It meets the standards of the <a href=\"https:\/\/www.ffp.asso.fr\/\" target=\"_blank\" rel=\"noopener\">French Skydiving Federation<\/a>.<\/p>\n<h2>Benefits of the Insta360 Magnetic Mount<\/h2>\n<ul>\n<li class=\"translation-block\"><strong>No-Drill Attachment<\/strong>: First, install the magnetic base on your helmet in seconds.<\/li>\n<li class=\"translation-block\"><strong>Adjustable Angle<\/strong>: Then, adjust the tilt without tools using the unbreakable flexible elastomer, with engraved angle indicators.<\/li>\n<li class=\"translation-block\"><strong>Quick Access<\/strong>: For example, swap the SD card, battery, or charge without removing the camera.<\/li>\n<li class=\"translation-block\"><strong>Tandem Versatility<\/strong>: Quickly detach or reattach to film your passengers at 4,000m.<\/li>\n<li><strong>Safety and Lightweight Design<\/strong>: Finally, this mount is ideal for all disciplines: formation skydiving, wingsuit, freefly, and canopy piloting.<\/li>\n<\/ul>\n<h2>Compatibility and Easy Installation<\/h2>\n<p>In addition, this <strong>Insta360 magnetic mount<\/strong> comes with an adapter for Insta360 X1, X2, X3, X4, X4 Air, X5 (One RS housing and Ace Pro magnetic attachment clip not included). The universal base allows you to switch the camera between helmets in seconds. No drilling is required, preserving your helmet\u2019s integrity. Discover our <a href=\"https:\/\/www.turboskymount.com\/en\/boutique\/\" rel=\"nofollow\">other camera mounts<\/a> to complete your gear.<\/p>\n<h2>Made in France with Guarantee<\/h2>\n<p>Designed by aeronautics experts, this <strong>magnetic mount for skydiving<\/strong> combines durability and reliability. As a result, it comes with a <strong>satisfaction or money-back guarantee<\/strong> (14 days). Order now for <a href=\"https:\/\/www.turboskymount.com\/en\/livraison\/\" rel=\"nofollow\">fast delivery<\/a> in France (\u20ac6.90, free over \u20ac150) and Europe\/DOM-TOM (\u20ac20, free over \u20ac300).<\/p>\n<p><em>Camera not included. Contact <a href=\"mailto:support@turboskymount.com\">support@turboskymount.com<\/a> to check compatibility.<\/em><\/p>\n<\/div>","protected":false},"excerpt":{"rendered":"<p dir=\"auto\"><strong style=\"font-size: 16px;\">Insta360 magnetic mount for skydiving<\/strong><\/p>\n<p>Secure your Insta360 camera (One RS, X1, X2, X3, X4, X4 Air, X5, Ace Pro, Ace Pro 2) without drilling using this <strong>magnetic mount for skydiving<\/strong>. For example, it is ultra-lightweight (80g) and made of carbon fiber. In addition, it features a strong 3M VHB adhesive (50kg) and a <strong>magnetic Pin-Lock system<\/strong>. As a result, it is compatible with both all kind of spherical and flat helmets, including Cookie G4 and Tonfly TFX. Made in France.<\/p>\n<p dir=\"auto\" class=\"translation-block\"><strong>Order now<\/strong> | <a href=\"https:\/\/www.turboskymount.com\/en\/boutique\/\" target=\"_self\">Other products<\/a><\/p>","protected":false},"featured_media":4549,"comment_status":"open","ping_status":"closed","template":"","meta":{"_monsterinsights_skip_tracking":false,"_monsterinsights_sitenote_active":false,"_monsterinsights_sitenote_note":"","_monsterinsights_sitenote_category":0,"site-sidebar-layout":"default","site-content-layout":"default","ast-site-content-layout":"default","site-content-style":"default","site-sidebar-style":"default","ast-global-header-display":"","ast-banner-title-visibility":"","ast-main-header-display":"","ast-hfb-above-header-display":"","ast-hfb-below-header-display":"","ast-hfb-mobile-header-display":"","site-post-title":"","ast-breadcrumbs-content":"","ast-featured-img":"","footer-sml-layout":"","ast-disable-related-posts":"","theme-transparent-header-meta":"default","adv-header-id-meta":"","stick-header-meta":"","header-above-stick-meta":"","header-main-stick-meta":"","header-below-stick-meta":"","astra-migrate-meta-layouts":"set","ast-page-background-enabled":"default","ast-page-background-meta":{"desktop":{"background-color":"","background-image":"","background-repeat":"repeat","background-position":"center center","background-size":"auto","background-attachment":"scroll","background-type":"","background-media":"","overlay-type":"","overlay-color":"","overlay-opacity":"","overlay-gradient":""},"tablet":{"background-color":"","background-image":"","background-repeat":"repeat","background-position":"center center","background-size":"auto","background-attachment":"scroll","background-type":"","background-media":"","overlay-type":"","overlay-color":"","overlay-opacity":"","overlay-gradient":""},"mobile":{"background-color":"","background-image":"","background-repeat":"repeat","background-position":"center center","background-size":"auto","background-attachment":"scroll","background-type":"","background-media":"","overlay-type":"","overlay-color":"","overlay-opacity":"","overlay-gradient":""}},"ast-content-background-meta":{"desktop":{"background-color":"var(--ast-global-color-5)","background-image":"","background-repeat":"repeat","background-position":"center center","background-size":"auto","background-attachment":"scroll","background-type":"","background-media":"","overlay-type":"","overlay-color":"","overlay-opacity":"","overlay-gradient":""},"tablet":{"background-color":"var(--ast-global-color-5)","background-image":"","background-repeat":"repeat","background-position":"center center","background-size":"auto","background-attachment":"scroll","background-type":"","background-media":"","overlay-type":"","overlay-color":"","overlay-opacity":"","overlay-gradient":""},"mobile":{"background-color":"var(--ast-global-color-5)","background-image":"","background-repeat":"repeat","background-position":"center center","background-size":"auto","background-attachment":"scroll","background-type":"","background-media":"","overlay-type":"","overlay-color":"","overlay-opacity":"","overlay-gradient":""}}},"product_brand":[],"product_cat":[100],"product_tag":[],"class_list":{"0":"post-2662","1":"product","2":"type-product","3":"status-publish","4":"has-post-thumbnail","6":"product_cat-support-insta360","7":"desktop-align-left","8":"tablet-align-left","9":"mobile-align-left","11":"first","12":"instock","13":"sale","14":"shipping-taxable","15":"purchasable","16":"product-type-variable","17":"has-default-attributes"},"yoast_head":"<!-- This site is optimized with the Yoast SEO plugin v27.3 - https:\/\/yoast.com\/product\/yoast-seo-wordpress\/ -->\n<title>Support magn\u00e9tique Insta360 parachutisme - TurboSkyMount<\/title>\n<meta name=\"description\" content=\"Support magn\u00e9tique Insta360 pour parachutisme. Fixation sans per\u00e7age, fibre de carbone, compatible tous casques sph\u00e9riques \/ plats. Livraison rapide.\" \/>\n<meta name=\"robots\" content=\"index, follow, max-snippet:-1, max-image-preview:large, max-video-preview:-1\" \/>\n<link rel=\"canonical\" href=\"https:\/\/www.turboskymount.com\/en\/product\/support-insta360-magnetique\/\" \/>\n<meta property=\"og:locale\" content=\"en_GB\" \/>\n<meta property=\"og:type\" content=\"article\" \/>\n<meta property=\"og:title\" content=\"Support magn\u00e9tique Insta360 parachutisme - TurboSkyMount\" \/>\n<meta property=\"og:description\" content=\"Support magn\u00e9tique Insta360 pour parachutisme. Fixation sans per\u00e7age, fibre de carbone, compatible tous casques sph\u00e9riques \/ plats. Livraison rapide.\" \/>\n<meta property=\"og:url\" content=\"https:\/\/www.turboskymount.com\/en\/product\/support-insta360-magnetique\/\" \/>\n<meta property=\"og:site_name\" content=\"TurboSkyMount\" \/>\n<meta property=\"article:publisher\" content=\"https:\/\/www.facebook.com\/turboskymount\" \/>\n<meta property=\"article:modified_time\" content=\"2025-12-26T18:07:55+00:00\" \/>\n<meta property=\"og:image\" content=\"https:\/\/www.turboskymount.com\/wp-content\/uploads\/2025\/08\/support-insta360-x-noir-face-scaled.png\" \/>\n\t<meta property=\"og:image:width\" content=\"1920\" \/>\n\t<meta property=\"og:image:height\" content=\"2560\" \/>\n\t<meta property=\"og:image:type\" content=\"image\/png\" \/>\n<meta name=\"twitter:card\" content=\"summary_large_image\" \/>\n<meta name=\"twitter:label1\" content=\"Estimated reading time\" \/>\n\t<meta name=\"twitter:data1\" content=\"2 minutes\" \/>\n<script type=\"application\/ld+json\" class=\"yoast-schema-graph\">{\"@context\":\"https:\\\/\\\/schema.org\",\"@graph\":[{\"@type\":\"WebPage\",\"@id\":\"https:\\\/\\\/www.turboskymount.com\\\/produit\\\/support-insta360-magnetique\\\/\",\"url\":\"https:\\\/\\\/www.turboskymount.com\\\/produit\\\/support-insta360-magnetique\\\/\",\"name\":\"Support magn\u00e9tique Insta360 parachutisme - TurboSkyMount\",\"isPartOf\":{\"@id\":\"https:\\\/\\\/turboskymount.com\\\/#website\"},\"primaryImageOfPage\":{\"@id\":\"https:\\\/\\\/www.turboskymount.com\\\/produit\\\/support-insta360-magnetique\\\/#primaryimage\"},\"image\":{\"@id\":\"https:\\\/\\\/www.turboskymount.com\\\/produit\\\/support-insta360-magnetique\\\/#primaryimage\"},\"thumbnailUrl\":\"https:\\\/\\\/www.turboskymount.com\\\/wp-content\\\/uploads\\\/2025\\\/08\\\/support-insta360-x-noir-face-scaled.png\",\"datePublished\":\"2024-05-01T23:42:15+00:00\",\"dateModified\":\"2025-12-26T18:07:55+00:00\",\"description\":\"Support magn\u00e9tique Insta360 pour parachutisme. Fixation sans per\u00e7age, fibre de carbone, compatible tous casques sph\u00e9riques \\\/ plats. Livraison rapide.\",\"breadcrumb\":{\"@id\":\"https:\\\/\\\/www.turboskymount.com\\\/produit\\\/support-insta360-magnetique\\\/#breadcrumb\"},\"inLanguage\":\"en-GB\",\"potentialAction\":[{\"@type\":\"ReadAction\",\"target\":[\"https:\\\/\\\/www.turboskymount.com\\\/produit\\\/support-insta360-magnetique\\\/\"]}]},{\"@type\":\"ImageObject\",\"inLanguage\":\"en-GB\",\"@id\":\"https:\\\/\\\/www.turboskymount.com\\\/produit\\\/support-insta360-magnetique\\\/#primaryimage\",\"url\":\"https:\\\/\\\/www.turboskymount.com\\\/wp-content\\\/uploads\\\/2025\\\/08\\\/support-insta360-x-noir-face-scaled.png\",\"contentUrl\":\"https:\\\/\\\/www.turboskymount.com\\\/wp-content\\\/uploads\\\/2025\\\/08\\\/support-insta360-x-noir-face-scaled.png\",\"width\":1920,\"height\":2560,\"caption\":\"Support Insta360 X parachutisme noir vue de face\"},{\"@type\":\"BreadcrumbList\",\"@id\":\"https:\\\/\\\/www.turboskymount.com\\\/produit\\\/support-insta360-magnetique\\\/#breadcrumb\",\"itemListElement\":[{\"@type\":\"ListItem\",\"position\":1,\"name\":\"Accueil\",\"item\":\"https:\\\/\\\/www.turboskymount.com\\\/\"},{\"@type\":\"ListItem\",\"position\":2,\"name\":\"Boutique\",\"item\":\"https:\\\/\\\/www.turboskymount.com\\\/boutique\\\/\"},{\"@type\":\"ListItem\",\"position\":3,\"name\":\"Support Insta360 magn\u00e9tique\"}]},{\"@type\":\"WebSite\",\"@id\":\"https:\\\/\\\/turboskymount.com\\\/#website\",\"url\":\"https:\\\/\\\/turboskymount.com\\\/\",\"name\":\"TurboSkyMount\",\"description\":\"3D Printing Solutions\",\"publisher\":{\"@id\":\"https:\\\/\\\/turboskymount.com\\\/#organization\"},\"potentialAction\":[{\"@type\":\"SearchAction\",\"target\":{\"@type\":\"EntryPoint\",\"urlTemplate\":\"https:\\\/\\\/turboskymount.com\\\/?s={search_term_string}\"},\"query-input\":{\"@type\":\"PropertyValueSpecification\",\"valueRequired\":true,\"valueName\":\"search_term_string\"}}],\"inLanguage\":\"en-GB\"},{\"@type\":\"Organization\",\"@id\":\"https:\\\/\\\/turboskymount.com\\\/#organization\",\"name\":\"TurboSkyMount\",\"url\":\"https:\\\/\\\/turboskymount.com\\\/\",\"logo\":{\"@type\":\"ImageObject\",\"inLanguage\":\"en-GB\",\"@id\":\"https:\\\/\\\/turboskymount.com\\\/#\\\/schema\\\/logo\\\/image\\\/\",\"url\":\"https:\\\/\\\/www.turboskymount.com\\\/wp-content\\\/uploads\\\/2025\\\/07\\\/logo-turboskymount-blanc-fond-noir2.png\",\"contentUrl\":\"https:\\\/\\\/www.turboskymount.com\\\/wp-content\\\/uploads\\\/2025\\\/07\\\/logo-turboskymount-blanc-fond-noir2.png\",\"width\":1753,\"height\":338,\"caption\":\"TurboSkyMount\"},\"image\":{\"@id\":\"https:\\\/\\\/turboskymount.com\\\/#\\\/schema\\\/logo\\\/image\\\/\"},\"sameAs\":[\"https:\\\/\\\/www.facebook.com\\\/turboskymount\",\"https:\\\/\\\/www.instagram.com\\\/turboskymount\\\/\"]}]}<\/script>\n<!-- \/ Yoast SEO plugin. -->","yoast_head_json":{"title":"Support magn\u00e9tique Insta360 parachutisme - TurboSkyMount","description":"Support magn\u00e9tique Insta360 pour parachutisme. Fixation sans per\u00e7age, fibre de carbone, compatible tous casques sph\u00e9riques \/ plats. Livraison rapide.","robots":{"index":"index","follow":"follow","max-snippet":"max-snippet:-1","max-image-preview":"max-image-preview:large","max-video-preview":"max-video-preview:-1"},"canonical":"https:\/\/www.turboskymount.com\/en\/product\/support-insta360-magnetique\/","og_locale":"en_GB","og_type":"article","og_title":"Support magn\u00e9tique Insta360 parachutisme - TurboSkyMount","og_description":"Support magn\u00e9tique Insta360 pour parachutisme. Fixation sans per\u00e7age, fibre de carbone, compatible tous casques sph\u00e9riques \/ plats. Livraison rapide.","og_url":"https:\/\/www.turboskymount.com\/en\/product\/support-insta360-magnetique\/","og_site_name":"TurboSkyMount","article_publisher":"https:\/\/www.facebook.com\/turboskymount","article_modified_time":"2025-12-26T18:07:55+00:00","og_image":[{"width":1920,"height":2560,"url":"https:\/\/www.turboskymount.com\/wp-content\/uploads\/2025\/08\/support-insta360-x-noir-face-scaled.png","type":"image\/png"}],"twitter_card":"summary_large_image","twitter_misc":{"Estimated reading time":"2 minutes"},"schema":{"@context":"https:\/\/schema.org","@graph":[{"@type":"WebPage","@id":"https:\/\/www.turboskymount.com\/produit\/support-insta360-magnetique\/","url":"https:\/\/www.turboskymount.com\/produit\/support-insta360-magnetique\/","name":"Support magn\u00e9tique Insta360 parachutisme - TurboSkyMount","isPartOf":{"@id":"https:\/\/turboskymount.com\/#website"},"primaryImageOfPage":{"@id":"https:\/\/www.turboskymount.com\/produit\/support-insta360-magnetique\/#primaryimage"},"image":{"@id":"https:\/\/www.turboskymount.com\/produit\/support-insta360-magnetique\/#primaryimage"},"thumbnailUrl":"https:\/\/www.turboskymount.com\/wp-content\/uploads\/2025\/08\/support-insta360-x-noir-face-scaled.png","datePublished":"2024-05-01T23:42:15+00:00","dateModified":"2025-12-26T18:07:55+00:00","description":"Support magn\u00e9tique Insta360 pour parachutisme. Fixation sans per\u00e7age, fibre de carbone, compatible tous casques sph\u00e9riques \/ plats. Livraison rapide.","breadcrumb":{"@id":"https:\/\/www.turboskymount.com\/produit\/support-insta360-magnetique\/#breadcrumb"},"inLanguage":"en-GB","potentialAction":[{"@type":"ReadAction","target":["https:\/\/www.turboskymount.com\/produit\/support-insta360-magnetique\/"]}]},{"@type":"ImageObject","inLanguage":"en-GB","@id":"https:\/\/www.turboskymount.com\/produit\/support-insta360-magnetique\/#primaryimage","url":"https:\/\/www.turboskymount.com\/wp-content\/uploads\/2025\/08\/support-insta360-x-noir-face-scaled.png","contentUrl":"https:\/\/www.turboskymount.com\/wp-content\/uploads\/2025\/08\/support-insta360-x-noir-face-scaled.png","width":1920,"height":2560,"caption":"Support Insta360 X parachutisme noir vue de face"},{"@type":"BreadcrumbList","@id":"https:\/\/www.turboskymount.com\/produit\/support-insta360-magnetique\/#breadcrumb","itemListElement":[{"@type":"ListItem","position":1,"name":"Accueil","item":"https:\/\/www.turboskymount.com\/"},{"@type":"ListItem","position":2,"name":"Boutique","item":"https:\/\/www.turboskymount.com\/boutique\/"},{"@type":"ListItem","position":3,"name":"Support Insta360 magn\u00e9tique"}]},{"@type":"WebSite","@id":"https:\/\/turboskymount.com\/#website","url":"https:\/\/turboskymount.com\/","name":"TurboSkyMount","description":"3D Printing Solutions","publisher":{"@id":"https:\/\/turboskymount.com\/#organization"},"potentialAction":[{"@type":"SearchAction","target":{"@type":"EntryPoint","urlTemplate":"https:\/\/turboskymount.com\/?s={search_term_string}"},"query-input":{"@type":"PropertyValueSpecification","valueRequired":true,"valueName":"search_term_string"}}],"inLanguage":"en-GB"},{"@type":"Organization","@id":"https:\/\/turboskymount.com\/#organization","name":"TurboSkyMount","url":"https:\/\/turboskymount.com\/","logo":{"@type":"ImageObject","inLanguage":"en-GB","@id":"https:\/\/turboskymount.com\/#\/schema\/logo\/image\/","url":"https:\/\/www.turboskymount.com\/wp-content\/uploads\/2025\/07\/logo-turboskymount-blanc-fond-noir2.png","contentUrl":"https:\/\/www.turboskymount.com\/wp-content\/uploads\/2025\/07\/logo-turboskymount-blanc-fond-noir2.png","width":1753,"height":338,"caption":"TurboSkyMount"},"image":{"@id":"https:\/\/turboskymount.com\/#\/schema\/logo\/image\/"},"sameAs":["https:\/\/www.facebook.com\/turboskymount","https:\/\/www.instagram.com\/turboskymount\/"]}]}},"_links":{"self":[{"href":"https:\/\/www.turboskymount.com\/en\/wp-json\/wp\/v2\/product\/2662","targetHints":{"allow":["GET"]}}],"collection":[{"href":"https:\/\/www.turboskymount.com\/en\/wp-json\/wp\/v2\/product"}],"about":[{"href":"https:\/\/www.turboskymount.com\/en\/wp-json\/wp\/v2\/types\/product"}],"replies":[{"embeddable":true,"href":"https:\/\/www.turboskymount.com\/en\/wp-json\/wp\/v2\/comments?post=2662"}],"wp:featuredmedia":[{"embeddable":true,"href":"https:\/\/www.turboskymount.com\/en\/wp-json\/wp\/v2\/media\/4549"}],"wp:attachment":[{"href":"https:\/\/www.turboskymount.com\/en\/wp-json\/wp\/v2\/media?parent=2662"}],"wp:term":[{"taxonomy":"product_brand","embeddable":true,"href":"https:\/\/www.turboskymount.com\/en\/wp-json\/wp\/v2\/product_brand?post=2662"},{"taxonomy":"product_cat","embeddable":true,"href":"https:\/\/www.turboskymount.com\/en\/wp-json\/wp\/v2\/product_cat?post=2662"},{"taxonomy":"product_tag","embeddable":true,"href":"https:\/\/www.turboskymount.com\/en\/wp-json\/wp\/v2\/product_tag?post=2662"}],"curies":[{"name":"wp","href":"https:\/\/api.w.org\/{rel}","templated":true}]}}